{"id":3469,"date":"2020-05-07T14:59:47","date_gmt":"2020-05-07T12:59:47","guid":{"rendered":"https:\/\/neu.muehle-burgholz.ch\/?page_id=3469"},"modified":"2026-02-25T13:53:43","modified_gmt":"2026-02-25T12:53:43","slug":"zertifikate","status":"publish","type":"page","link":"https:\/\/muehle-burgholz.ch\/fr\/ueber-uns\/zertifikate\/","title":{"rendered":"Certificats"},"content":{"rendered":"<div data-elementor-type=\"wp-page\" data-elementor-id=\"3469\" class=\"elementor elementor-3469\" data-elementor-post-type=\"page\">\n\t\t\t\t\t\t<section class=\"elementor-section elementor-top-section elementor-element elementor-element-c9504a6 elementor-section-boxed elementor-section-height-default elementor-section-height-default\" data-id=\"c9504a6\" data-element_type=\"section\" data-e-type=\"section\">\n\t\t\t\t\t\t<div class=\"elementor-container elementor-column-gap-default\">\n\t\t\t\t\t<div class=\"elementor-column elementor-col-100 elementor-top-column elementor-element elementor-element-3d919e5\" data-id=\"3d919e5\" data-element_type=\"column\" data-e-type=\"column\">\n\t\t\t<div class=\"elementor-widget-wrap elementor-element-populated\">\n\t\t\t\t\t\t<div class=\"elementor-element elementor-element-2ae5fbb elementor-widget elementor-widget-heading\" data-id=\"2ae5fbb\" data-element_type=\"widget\" data-e-type=\"widget\" data-widget_type=\"heading.default\">\n\t\t\t\t<div class=\"elementor-widget-container\">\n\t\t\t\t\t<h3 class=\"elementor-heading-title elementor-size-default\">Certificats<\/h3>\t\t\t\t<\/div>\n\t\t\t\t<\/div>\n\t\t\t\t<div class=\"elementor-element elementor-element-1401cc0 elementor-widget elementor-widget-text-editor\" data-id=\"1401cc0\" data-element_type=\"widget\" data-e-type=\"widget\" data-widget_type=\"text-editor.default\">\n\t\t\t\t<div class=\"elementor-widget-container\">\n\t\t\t\t\t\t\t\t\t<p>Das Qualit\u00e4tsmanagementsystem QMS ist klar auf die Bed\u00fcrfnisse unserer Kunden\u00a0ausgerichtet. Das System und die entsprechenden Normen werden regelm\u00e4ssig durch die Firma ProCert auditiert.<\/p><p>Wir erf\u00fcllen die Normen der\u00a0ISO 22000 im Bereich Futter und des FSSC 22000 im Bereich der Backmehle.\u00a0Die Lebensmittelsicherheit ist somit in allen Bereichen der Produktherstellung gew\u00e4hrleistet.\u00a0<\/p><p>Alle Zertifikate unserer\u00a0M\u00fchle\u00a0k\u00f6nnen unter\u00a0ProCert\u00a0heruntergeladen werden. Geben Sie unter Kundenname &#171;M\u00fchle\u00a0Burgholz AG&#187;\u00a0ein.<\/p>\t\t\t\t\t\t\t\t<\/div>\n\t\t\t\t<\/div>\n\t\t\t\t\t<\/div>\n\t\t<\/div>\n\t\t\t\t\t<\/div>\n\t\t<\/section>\n\t\t<div class=\"elementor-element elementor-element-288ea2f e-flex e-con-boxed e-con e-parent\" data-id=\"288ea2f\" data-element_type=\"container\" data-e-type=\"container\">\n\t\t\t\t\t<div class=\"e-con-inner\">\n\t\t\t\t<div class=\"elementor-element elementor-element-e3d7a20 elementor-widget elementor-widget-spacer\" data-id=\"e3d7a20\" data-element_type=\"widget\" data-e-type=\"widget\" data-widget_type=\"spacer.default\">\n\t\t\t\t<div class=\"elementor-widget-container\">\n\t\t\t\t\t\t\t<div class=\"elementor-spacer\">\n\t\t\t<div class=\"elementor-spacer-inner\"><\/div>\n\t\t<\/div>\n\t\t\t\t\t\t<\/div>\n\t\t\t\t<\/div>\n\t\t\t\t<div class=\"elementor-element elementor-element-28e2ac0 elementor-widget elementor-widget-heading\" data-id=\"28e2ac0\" data-element_type=\"widget\" data-e-type=\"widget\" data-widget_type=\"heading.default\">\n\t\t\t\t<div class=\"elementor-widget-container\">\n\t\t\t\t\t<h2 class=\"elementor-heading-title elementor-size-default\"><a href=\"https:\/\/www.procert.ch\/de\/zertifikate\/muehle-burgholz-ag-10046-11.html\" target=\"_blank\">Link zu den Zertifikaten<\/a><\/h2>\t\t\t\t<\/div>\n\t\t\t\t<\/div>\n\t\t\t\t<div class=\"elementor-element elementor-element-c5e10ef elementor-widget elementor-widget-spacer\" data-id=\"c5e10ef\" data-element_type=\"widget\" data-e-type=\"widget\" data-widget_type=\"spacer.default\">\n\t\t\t\t<div class=\"elementor-widget-container\">\n\t\t\t\t\t\t\t<div class=\"elementor-spacer\">\n\t\t\t<div class=\"elementor-spacer-inner\"><\/div>\n\t\t<\/div>\n\t\t\t\t\t\t<\/div>\n\t\t\t\t<\/div>\n\t\t\t\t\t<\/div>\n\t\t\t\t<\/div>\n\t\t\t\t<section class=\"elementor-section elementor-top-section elementor-element elementor-element-6c01e2b elementor-hidden-desktop elementor-hidden-tablet elementor-hidden-mobile elementor-section-boxed elementor-section-height-default elementor-section-height-default\" data-id=\"6c01e2b\" data-element_type=\"section\" data-e-type=\"section\">\n\t\t\t\t\t\t<div class=\"elementor-container elementor-column-gap-default\">\n\t\t\t\t\t<div class=\"elementor-column elementor-col-100 elementor-top-column elementor-element elementor-element-9a372ab\" data-id=\"9a372ab\" data-element_type=\"column\" data-e-type=\"column\">\n\t\t\t<div class=\"elementor-widget-wrap\">\n\t\t\t\t\t\t\t<\/div>\n\t\t<\/div>\n\t\t\t\t\t<\/div>\n\t\t<\/section>\n\t\t\t\t<section class=\"elementor-section elementor-top-section elementor-element elementor-element-32a9644 elementor-section-boxed elementor-section-height-default elementor-section-height-default\" data-id=\"32a9644\" data-element_type=\"section\" data-e-type=\"section\">\n\t\t\t\t\t\t<div class=\"elementor-container elementor-column-gap-default\">\n\t\t\t\t\t<div class=\"elementor-column elementor-col-100 elementor-top-column elementor-element elementor-element-6c8c011\" data-id=\"6c8c011\" data-element_type=\"column\" data-e-type=\"column\">\n\t\t\t<div class=\"elementor-widget-wrap\">\n\t\t\t\t\t\t\t<\/div>\n\t\t<\/div>\n\t\t\t\t\t<\/div>\n\t\t<\/section>\n\t\t\t\t<\/div>","protected":false},"excerpt":{"rendered":"<p>Zertifikate Das Qualit\u00e4tsmanagementsystem QMS ist klar auf die Bed\u00fcrfnisse unserer Kunden\u00a0ausgerichtet. Das System und die entsprechenden Normen werden regelm\u00e4ssig durch die Firma ProCert auditiert. Wir erf\u00fcllen die Normen der\u00a0ISO 22000 im Bereich Futter und des FSSC 22000 im Bereich der Backmehle.\u00a0Die Lebensmittelsicherheit ist somit in allen Bereichen der Produktherstellung gew\u00e4hrleistet.\u00a0 Alle Zertifikate unserer\u00a0M\u00fchle\u00a0k\u00f6nnen unter\u00a0ProCert\u00a0heruntergeladen werden. [&hellip;]<\/p>\n","protected":false},"author":8,"featured_media":0,"parent":3463,"menu_order":0,"comment_status":"closed","ping_status":"closed","template":"","meta":{"ocean_post_layout":"full-screen","ocean_both_sidebars_style":"","ocean_both_sidebars_content_width":0,"ocean_both_sidebars_sidebars_width":0,"ocean_sidebar":"0","ocean_second_sidebar":"0","ocean_disable_margins":"enable","ocean_add_body_class":"","ocean_shortcode_before_top_bar":"","ocean_shortcode_after_top_bar":"","ocean_shortcode_before_header":"","ocean_shortcode_after_header":"","ocean_has_shortcode":"","ocean_shortcode_after_title":"","ocean_shortcode_before_footer_widgets":"","ocean_shortcode_after_footer_widgets":"","ocean_shortcode_before_footer_bottom":"","ocean_shortcode_after_footer_bottom":"","ocean_display_top_bar":"off","ocean_display_header":"default","ocean_header_style":"","ocean_center_header_left_menu":"0","ocean_custom_header_template":"0","ocean_custom_logo":0,"ocean_custom_retina_logo":0,"ocean_custom_logo_max_width":0,"ocean_custom_logo_tablet_max_width":0,"ocean_custom_logo_mobile_max_width":0,"ocean_custom_logo_max_height":0,"ocean_custom_logo_tablet_max_height":0,"ocean_custom_logo_mobile_max_height":0,"ocean_header_custom_menu":"0","ocean_menu_typo_font_family":"0","ocean_menu_typo_font_subset":"","ocean_menu_typo_font_size":0,"ocean_menu_typo_font_size_tablet":0,"ocean_menu_typo_font_size_mobile":0,"ocean_menu_typo_font_size_unit":"px","ocean_menu_typo_font_weight":"","ocean_menu_typo_font_weight_tablet":"","ocean_menu_typo_font_weight_mobile":"","ocean_menu_typo_transform":"","ocean_menu_typo_transform_tablet":"","ocean_menu_typo_transform_mobile":"","ocean_menu_typo_line_height":0,"ocean_menu_typo_line_height_tablet":0,"ocean_menu_typo_line_height_mobile":0,"ocean_menu_typo_line_height_unit":"","ocean_menu_typo_spacing":0,"ocean_menu_typo_spacing_tablet":0,"ocean_menu_typo_spacing_mobile":0,"ocean_menu_typo_spacing_unit":"","ocean_menu_link_color":"","ocean_menu_link_color_hover":"","ocean_menu_link_color_active":"","ocean_menu_link_background":"","ocean_menu_link_hover_background":"","ocean_menu_link_active_background":"","ocean_menu_social_links_bg":"","ocean_menu_social_hover_links_bg":"","ocean_menu_social_links_color":"","ocean_menu_social_hover_links_color":"","ocean_disable_title":"on","ocean_disable_heading":"default","ocean_post_title":"","ocean_post_subheading":"","ocean_post_title_style":"","ocean_post_title_background_color":"","ocean_post_title_background":0,"ocean_post_title_bg_image_position":"","ocean_post_title_bg_image_attachment":"","ocean_post_title_bg_image_repeat":"","ocean_post_title_bg_image_size":"","ocean_post_title_height":0,"ocean_post_title_bg_overlay":0.5,"ocean_post_title_bg_overlay_color":"","ocean_disable_breadcrumbs":"default","ocean_breadcrumbs_color":"","ocean_breadcrumbs_separator_color":"","ocean_breadcrumbs_links_color":"","ocean_breadcrumbs_links_hover_color":"","ocean_display_footer_widgets":"off","ocean_display_footer_bottom":"off","ocean_custom_footer_template":"0","footnotes":""},"class_list":["post-3469","page","type-page","status-publish","hentry","entry"],"yoast_head":"<!-- This site is optimized with the Yoast SEO plugin v27.3 - https:\/\/yoast.com\/product\/yoast-seo-wordpress\/ -->\n<title>Zertifikate - M\u00fchle Burgholz AG<\/title>\n<meta name=\"robots\" content=\"index, follow, max-snippet:-1, max-image-preview:large, max-video-preview:-1\" \/>\n<link rel=\"canonical\" href=\"https:\/\/muehle-burgholz.ch\/fr\/ueber-uns\/zertifikate\/\" \/>\n<meta property=\"og:locale\" content=\"fr_FR\" \/>\n<meta property=\"og:type\" content=\"article\" \/>\n<meta property=\"og:title\" content=\"Zertifikate - M\u00fchle Burgholz AG\" \/>\n<meta property=\"og:description\" content=\"Zertifikate Das Qualit\u00e4tsmanagementsystem QMS ist klar auf die Bed\u00fcrfnisse unserer Kunden\u00a0ausgerichtet. Das System und die entsprechenden Normen werden regelm\u00e4ssig durch die Firma ProCert auditiert. Wir erf\u00fcllen die Normen der\u00a0ISO 22000 im Bereich Futter und des FSSC 22000 im Bereich der Backmehle.\u00a0Die Lebensmittelsicherheit ist somit in allen Bereichen der Produktherstellung gew\u00e4hrleistet.\u00a0 Alle Zertifikate unserer\u00a0M\u00fchle\u00a0k\u00f6nnen unter\u00a0ProCert\u00a0heruntergeladen werden. [&hellip;]\" \/>\n<meta property=\"og:url\" content=\"https:\/\/muehle-burgholz.ch\/fr\/ueber-uns\/zertifikate\/\" \/>\n<meta property=\"og:site_name\" content=\"M\u00fchle Burgholz AG\" \/>\n<meta property=\"article:publisher\" content=\"https:\/\/www.facebook.com\/muehleburgholz\" \/>\n<meta property=\"article:modified_time\" content=\"2026-02-25T12:53:43+00:00\" \/>\n<meta name=\"twitter:card\" content=\"summary_large_image\" \/>\n<meta name=\"twitter:label1\" content=\"Dur\u00e9e de lecture estim\u00e9e\" \/>\n\t<meta name=\"twitter:data1\" content=\"1 minute\" \/>\n<script type=\"application\/ld+json\" class=\"yoast-schema-graph\">{\"@context\":\"https:\\\/\\\/schema.org\",\"@graph\":[{\"@type\":\"WebPage\",\"@id\":\"https:\\\/\\\/muehle-burgholz.ch\\\/fr\\\/ueber-uns\\\/zertifikate\\\/\",\"url\":\"https:\\\/\\\/muehle-burgholz.ch\\\/fr\\\/ueber-uns\\\/zertifikate\\\/\",\"name\":\"Zertifikate - M\u00fchle Burgholz AG\",\"isPartOf\":{\"@id\":\"https:\\\/\\\/muehle-burgholz.ch\\\/#website\"},\"datePublished\":\"2020-05-07T12:59:47+00:00\",\"dateModified\":\"2026-02-25T12:53:43+00:00\",\"breadcrumb\":{\"@id\":\"https:\\\/\\\/muehle-burgholz.ch\\\/fr\\\/ueber-uns\\\/zertifikate\\\/#breadcrumb\"},\"inLanguage\":\"fr-FR\",\"potentialAction\":[{\"@type\":\"ReadAction\",\"target\":[\"https:\\\/\\\/muehle-burgholz.ch\\\/fr\\\/ueber-uns\\\/zertifikate\\\/\"]}]},{\"@type\":\"BreadcrumbList\",\"@id\":\"https:\\\/\\\/muehle-burgholz.ch\\\/fr\\\/ueber-uns\\\/zertifikate\\\/#breadcrumb\",\"itemListElement\":[{\"@type\":\"ListItem\",\"position\":1,\"name\":\"Home\",\"item\":\"https:\\\/\\\/muehle-burgholz.ch\\\/fr\\\/\"},{\"@type\":\"ListItem\",\"position\":2,\"name\":\"M\u00fchle Burgholz\",\"item\":\"https:\\\/\\\/muehle-burgholz.ch\\\/fr\\\/ueber-uns\\\/\"},{\"@type\":\"ListItem\",\"position\":3,\"name\":\"Zertifikate\"}]},{\"@type\":\"WebSite\",\"@id\":\"https:\\\/\\\/muehle-burgholz.ch\\\/#website\",\"url\":\"https:\\\/\\\/muehle-burgholz.ch\\\/\",\"name\":\"M\u00fchle Burgholz AG\",\"description\":\"Die M\u00fchle Burgholz produziert Mehl und Futtermittel - seit \u00fcber 200 Jahren.\",\"publisher\":{\"@id\":\"https:\\\/\\\/muehle-burgholz.ch\\\/#organization\"},\"potentialAction\":[{\"@type\":\"SearchAction\",\"target\":{\"@type\":\"EntryPoint\",\"urlTemplate\":\"https:\\\/\\\/muehle-burgholz.ch\\\/?s={search_term_string}\"},\"query-input\":{\"@type\":\"PropertyValueSpecification\",\"valueRequired\":true,\"valueName\":\"search_term_string\"}}],\"inLanguage\":\"fr-FR\"},{\"@type\":\"Organization\",\"@id\":\"https:\\\/\\\/muehle-burgholz.ch\\\/#organization\",\"name\":\"M\u00fchle Burgholz AG\",\"url\":\"https:\\\/\\\/muehle-burgholz.ch\\\/\",\"logo\":{\"@type\":\"ImageObject\",\"inLanguage\":\"fr-FR\",\"@id\":\"https:\\\/\\\/muehle-burgholz.ch\\\/#\\\/schema\\\/logo\\\/image\\\/\",\"url\":\"https:\\\/\\\/muehle-burgholz.ch\\\/wp-content\\\/uploads\\\/2020\\\/02\\\/Muehle_Burgholz.svg\",\"contentUrl\":\"https:\\\/\\\/muehle-burgholz.ch\\\/wp-content\\\/uploads\\\/2020\\\/02\\\/Muehle_Burgholz.svg\",\"width\":419,\"height\":122,\"caption\":\"M\u00fchle Burgholz AG\"},\"image\":{\"@id\":\"https:\\\/\\\/muehle-burgholz.ch\\\/#\\\/schema\\\/logo\\\/image\\\/\"},\"sameAs\":[\"https:\\\/\\\/www.facebook.com\\\/muehleburgholz\",\"https:\\\/\\\/www.instagram.com\\\/muehleburgholz\\\/\",\"https:\\\/\\\/www.instagram.com\\\/trofinofutter\\\/\",\"https:\\\/\\\/www.facebook.com\\\/trofinofutter\",\"https:\\\/\\\/www.facebook.com\\\/muehleburgholz\\\/\"]}]}<\/script>\n<!-- \/ Yoast SEO plugin. -->","yoast_head_json":{"title":"Zertifikate - M\u00fchle Burgholz AG","robots":{"index":"index","follow":"follow","max-snippet":"max-snippet:-1","max-image-preview":"max-image-preview:large","max-video-preview":"max-video-preview:-1"},"canonical":"https:\/\/muehle-burgholz.ch\/fr\/ueber-uns\/zertifikate\/","og_locale":"fr_FR","og_type":"article","og_title":"Zertifikate - M\u00fchle Burgholz AG","og_description":"Zertifikate Das Qualit\u00e4tsmanagementsystem QMS ist klar auf die Bed\u00fcrfnisse unserer Kunden\u00a0ausgerichtet. Das System und die entsprechenden Normen werden regelm\u00e4ssig durch die Firma ProCert auditiert. Wir erf\u00fcllen die Normen der\u00a0ISO 22000 im Bereich Futter und des FSSC 22000 im Bereich der Backmehle.\u00a0Die Lebensmittelsicherheit ist somit in allen Bereichen der Produktherstellung gew\u00e4hrleistet.\u00a0 Alle Zertifikate unserer\u00a0M\u00fchle\u00a0k\u00f6nnen unter\u00a0ProCert\u00a0heruntergeladen werden. [&hellip;]","og_url":"https:\/\/muehle-burgholz.ch\/fr\/ueber-uns\/zertifikate\/","og_site_name":"M\u00fchle Burgholz AG","article_publisher":"https:\/\/www.facebook.com\/muehleburgholz","article_modified_time":"2026-02-25T12:53:43+00:00","twitter_card":"summary_large_image","twitter_misc":{"Dur\u00e9e de lecture estim\u00e9e":"1 minute"},"schema":{"@context":"https:\/\/schema.org","@graph":[{"@type":"WebPage","@id":"https:\/\/muehle-burgholz.ch\/fr\/ueber-uns\/zertifikate\/","url":"https:\/\/muehle-burgholz.ch\/fr\/ueber-uns\/zertifikate\/","name":"Zertifikate - M\u00fchle Burgholz AG","isPartOf":{"@id":"https:\/\/muehle-burgholz.ch\/#website"},"datePublished":"2020-05-07T12:59:47+00:00","dateModified":"2026-02-25T12:53:43+00:00","breadcrumb":{"@id":"https:\/\/muehle-burgholz.ch\/fr\/ueber-uns\/zertifikate\/#breadcrumb"},"inLanguage":"fr-FR","potentialAction":[{"@type":"ReadAction","target":["https:\/\/muehle-burgholz.ch\/fr\/ueber-uns\/zertifikate\/"]}]},{"@type":"BreadcrumbList","@id":"https:\/\/muehle-burgholz.ch\/fr\/ueber-uns\/zertifikate\/#breadcrumb","itemListElement":[{"@type":"ListItem","position":1,"name":"Home","item":"https:\/\/muehle-burgholz.ch\/fr\/"},{"@type":"ListItem","position":2,"name":"M\u00fchle Burgholz","item":"https:\/\/muehle-burgholz.ch\/fr\/ueber-uns\/"},{"@type":"ListItem","position":3,"name":"Zertifikate"}]},{"@type":"WebSite","@id":"https:\/\/muehle-burgholz.ch\/#website","url":"https:\/\/muehle-burgholz.ch\/","name":"Moulin Burgholz SA","description":"Die M\u00fchle Burgholz produziert Mehl und Futtermittel - seit \u00fcber 200 Jahren.","publisher":{"@id":"https:\/\/muehle-burgholz.ch\/#organization"},"potentialAction":[{"@type":"SearchAction","target":{"@type":"EntryPoint","urlTemplate":"https:\/\/muehle-burgholz.ch\/?s={search_term_string}"},"query-input":{"@type":"PropertyValueSpecification","valueRequired":true,"valueName":"search_term_string"}}],"inLanguage":"fr-FR"},{"@type":"Organization","@id":"https:\/\/muehle-burgholz.ch\/#organization","name":"Moulin Burgholz SA","url":"https:\/\/muehle-burgholz.ch\/","logo":{"@type":"ImageObject","inLanguage":"fr-FR","@id":"https:\/\/muehle-burgholz.ch\/#\/schema\/logo\/image\/","url":"https:\/\/muehle-burgholz.ch\/wp-content\/uploads\/2020\/02\/Muehle_Burgholz.svg","contentUrl":"https:\/\/muehle-burgholz.ch\/wp-content\/uploads\/2020\/02\/Muehle_Burgholz.svg","width":419,"height":122,"caption":"M\u00fchle Burgholz AG"},"image":{"@id":"https:\/\/muehle-burgholz.ch\/#\/schema\/logo\/image\/"},"sameAs":["https:\/\/www.facebook.com\/muehleburgholz","https:\/\/www.instagram.com\/muehleburgholz\/","https:\/\/www.instagram.com\/trofinofutter\/","https:\/\/www.facebook.com\/trofinofutter","https:\/\/www.facebook.com\/muehleburgholz\/"]}]}},"_links":{"self":[{"href":"https:\/\/muehle-burgholz.ch\/fr\/wp-json\/wp\/v2\/pages\/3469","targetHints":{"allow":["GET"]}}],"collection":[{"href":"https:\/\/muehle-burgholz.ch\/fr\/wp-json\/wp\/v2\/pages"}],"about":[{"href":"https:\/\/muehle-burgholz.ch\/fr\/wp-json\/wp\/v2\/types\/page"}],"author":[{"embeddable":true,"href":"https:\/\/muehle-burgholz.ch\/fr\/wp-json\/wp\/v2\/users\/8"}],"replies":[{"embeddable":true,"href":"https:\/\/muehle-burgholz.ch\/fr\/wp-json\/wp\/v2\/comments?post=3469"}],"version-history":[{"count":58,"href":"https:\/\/muehle-burgholz.ch\/fr\/wp-json\/wp\/v2\/pages\/3469\/revisions"}],"predecessor-version":[{"id":13849,"href":"https:\/\/muehle-burgholz.ch\/fr\/wp-json\/wp\/v2\/pages\/3469\/revisions\/13849"}],"up":[{"embeddable":true,"href":"https:\/\/muehle-burgholz.ch\/fr\/wp-json\/wp\/v2\/pages\/3463"}],"wp:attachment":[{"href":"https:\/\/muehle-burgholz.ch\/fr\/wp-json\/wp\/v2\/media?parent=3469"}],"curies":[{"name":"wp","href":"https:\/\/api.w.org\/{rel}","templated":true}]}}